{"id":846,"date":"2025-04-21T14:05:28","date_gmt":"2025-04-21T19:05:28","guid":{"rendered":"https:\/\/gastonvidalporturas.edu.pe\/?page_id=846"},"modified":"2025-04-24T17:28:17","modified_gmt":"2025-04-24T22:28:17","slug":"846-2","status":"publish","type":"page","link":"https:\/\/gastonvidalporturas.edu.pe\/index.php\/846-2\/","title":{"rendered":"Secundaria"},"content":{"rendered":"\n<div class=\"wp-block-uagb-container uagb-block-1a507f31 alignfull uagb-is-root-container\"><div class=\"uagb-container-inner-blocks-wrap\">\n<!DOCTYPE html>\n<html lang=\"es\">\n<head>\n    <meta charset=\"UTF-8\">\n    <meta name=\"viewport\" content=\"width=device-width, initial-scale=1.0\">\n    <title>Bienvenidos a Secundaria<\/title>\n    <style>\n        * {\n            margin: 0;\n            padding: 0;\n            box-sizing: border-box;\n        }\n\n        body, html {\n            width: 100%;\n            height: 100%;\n            font-family: Arial, sans-serif;\n            overflow-x: hidden;\n        }\n\n        .hero-container {\n            position: relative;\n            width: 100vw;\n            height: 100vh;\n            overflow: hidden;\n        }\n\n        .hero-img {\n            width: 100vw;\n            height: 100vh;\n            object-fit: cover;\n            object-position: center;\n            display: block;\n        }\n\n        .texto {\n            position: absolute;\n            top: 50%;\n            left: 5%;\n            transform: translateY(-50%);\n            max-width: 600px;\n            background: rgba(0, 0, 0, 0.4);\n            padding: 20px;\n            border-radius: 10px;\n            animation: fadeInUp 1.5s ease-out both;\n            color: white;\n        }\n\n        .texto h1 {\n            color: #FFB300;\n            font-size: 2.5em;\n            margin-bottom: 10px;\n        }\n\n        .texto p {\n            font-size: 1.2em;\n            line-height: 1.5em;\n        }\n\n        @keyframes fadeInUp {\n            0% {\n                opacity: 0;\n                transform: translateY(30px);\n            }\n            100% {\n                opacity: 1;\n                transform: translateY(-50%);\n            }\n        }\n\n        @media (max-width: 768px) {\n            .hero-container {\n                display: flex;\n                flex-direction: column;\n                align-items: center;\n                height: auto;\n            }\n\n            .hero-img {\n                height: auto;\n            }\n\n            .texto {\n                position: static;\n                transform: none;\n                background: none;\n                color: #111;\n                padding: 1.5rem 1rem;\n                text-align: center;\n                max-width: 90%;\n                animation: none;\n            }\n\n            .texto h1 {\n                color: #111;\n            }\n\n            .texto p {\n                color: #111;\n            }\n        }\n    <\/style>\n<\/head>\n<body>\n    <div class=\"hero-container\">\n        <img decoding=\"async\" src=\"https:\/\/gastonvidalporturas.edu.pe\/wp-content\/uploads\/2025\/04\/secundaria.jpeg\" \n             alt=\"Banner de secundaria\" \n             class=\"hero-img\">\n        <div class=\"texto\">\n            <h1>Bienvenidos a Secundaria<\/h1>\n            <p>Bienvenidos al vibrante y din\u00e1mico mundo de la Secundaria en el Colegio G\u00e1ston Vidal Porturas, donde guiamos a nuestros estudiantes a trav\u00e9s de la siguiente fase emocionante de su viaje de aprendizaje a lo largo de la vida.<\/p>\n        <\/div>\n    <\/div>\n<\/body>\n<\/html>\n\n\n\n<!DOCTYPE html>\n<html lang=\"es\">\n<head>\n  <meta charset=\"UTF-8\">\n  <meta name=\"viewport\" content=\"width=device-width, initial-scale=1.0\">\n  <title>Bienvenida &#8211; Nivel Secundario<\/title>\n  <style>\n    \/* Contenedor principal con borde rojo *\/\n    .contenedor {\n      display: flex;\n      flex-wrap: wrap;\n      padding: 2rem;\n      margin: 0 auto;\n      max-width: 1200px;\n      border-left: 12px solid red; \/* L\u00ednea roja m\u00e1s gruesa *\/\n      border-radius: 15px; \/* Bordes curvados *\/\n      background-color: #f9f9f9; \/* Fondo suave para el contenedor *\/\n    }\n\n    \/* Estilos para la secci\u00f3n de bienvenida *\/\n    .bienvenida-primaria {\n      display: flex;\n      flex-wrap: wrap;\n      align-items: center;\n      justify-content: space-between;\n      gap: 2rem;\n      width: 100%;\n    }\n\n    \/* Contenido textual *\/\n    .contenido-primaria {\n      flex: 1;\n    }\n\n    .contenido-primaria h2 {\n      display: flex;\n      align-items: center;\n      gap: 0.5rem;\n      font-family: 'Segoe UI', sans-serif;\n      font-size: 2rem; \/* Texto m\u00e1s peque\u00f1o *\/\n      font-weight: bold;\n      color: #000;\n      margin-bottom: 1rem;\n      transition: transform 0.3s ease;\n    }\n\n    .contenido-primaria h2:hover {\n      transform: scale(1.02);\n    }\n\n    .contenido-primaria p {\n      font-size: 1.1rem; \/* Texto m\u00e1s peque\u00f1o *\/\n      color: #333;\n      line-height: 1.8;\n      text-align: justify; \/* Texto justificado *\/\n    }\n\n    \/* \u00cdcono junto al t\u00edtulo *\/\n    .icono-n {\n      width: 30px;\n      height: 30px;\n      transform: rotate(-30deg);\n      display: inline-block;\n    }\n\n    \/* Imagen *\/\n    .imagen-primaria {\n      flex: 1;\n      display: flex;\n      justify-content: center;\n      align-items: center;\n    }\n\n    .imagen-primaria img {\n      width: 100%;\n      max-width: 500px;\n      aspect-ratio: 4 \/ 3;\n      object-fit: cover;\n      border-radius: 20px;\n      border: 6px solid #ccc; \/* Borde gris *\/\n      box-shadow: 0 10px 30px rgba(0, 0, 0, 0.35);\n      transition: transform 0.3s ease-in-out;\n    }\n\n    .imagen-primaria img:hover {\n      transform: scale(1.03);\n    }\n\n    \/* Dise\u00f1o responsive *\/\n    @media (max-width: 768px) {\n      .bienvenida-primaria {\n        flex-direction: column;\n        text-align: center;\n        gap: 3rem;\n      }\n\n      .imagen-primaria img {\n        max-width: 100%;\n      }\n    }\n  <\/style>\n<\/head>\n<body>\n  <!-- Contenedor principal con borde rojo -->\n  <div class=\"contenedor\">\n    <!-- Secci\u00f3n de bienvenida -->\n    <div class=\"bienvenida-primaria\">\n      <div class=\"contenido-primaria\">\n        <h2>\n          <img decoding=\"async\" src=\"https:\/\/gastonvidalporturas.edu.pe\/wp-content\/uploads\/2025\/04\/birrete-1.png\" \n               alt=\"\u00cdcono de birrete decorativo\" class=\"icono-n\">\n          Nivel Secundario\n        <\/h2>\n        <p>\n          En el nivel secundario, nuestro objetivo es formar estudiantes aut\u00f3nomos, cr\u00edticos y comprometidos con su entorno. A trav\u00e9s de una propuesta acad\u00e9mica s\u00f3lida y actividades integradoras, acompa\u00f1amos a los j\u00f3venes en su crecimiento personal y acad\u00e9mico.\n        <\/p>\n      <\/div>\n      <div class=\"imagen-primaria\">\n        <img decoding=\"async\" src=\"https:\/\/gastonvidalporturas.edu.pe\/wp-content\/uploads\/2025\/04\/WhatsApp-Image-2025-04-21-at-1.35.24-PM-4.jpeg\"\n             alt=\"Foto de la entrada del colegio Gast\u00f3n Vidal Porturas con estudiantes\"\n             aria-label=\"Foto de bienvenida a la escuela secundaria\">\n      <\/div>\n    <\/div>\n  <\/div>\n<\/body>\n<\/html>\n\n<\/div><\/div>\n","protected":false},"excerpt":{"rendered":"<p>Bienvenidos a Secundaria Bienvenidos a Secundaria Bienvenidos al vibrante y din\u00e1mico mundo de la Secundaria en el Colegio G\u00e1ston Vidal Porturas, donde guiamos a nuestros estudiantes a trav\u00e9s de la siguiente fase emocionante de su viaje de aprendizaje a lo largo de la vida. Bienvenida &#8211; Nivel Secundario Nivel Secundario En el nivel secundario, nuestro [&hellip;]<\/p>\n","protected":false},"author":1,"featured_media":0,"parent":0,"menu_order":0,"comment_status":"closed","ping_status":"closed","template":"","meta":{"_editorskit_title_hidden":false,"_editorskit_reading_time":0,"_editorskit_is_block_options_detached":false,"_editorskit_block_options_position":"{}","_uag_custom_page_level_css":"","footnotes":""},"class_list":["post-846","page","type-page","status-publish","hentry"],"uagb_featured_image_src":{"full":false,"thumbnail":false,"medium":false,"medium_large":false,"large":false,"1536x1536":false,"2048x2048":false},"uagb_author_info":{"display_name":"gastonvidal","author_link":"https:\/\/gastonvidalporturas.edu.pe\/index.php\/author\/gastonvidal\/"},"uagb_comment_info":0,"uagb_excerpt":"Bienvenidos a Secundaria Bienvenidos a Secundaria Bienvenidos al vibrante y din\u00e1mico mundo de la Secundaria en el Colegio G\u00e1ston Vidal Porturas, donde guiamos a nuestros estudiantes a trav\u00e9s de la siguiente fase emocionante de su viaje de aprendizaje a lo largo de la vida. Bienvenida &#8211; Nivel Secundario Nivel Secundario En el nivel secundario, nuestro&hellip;","_links":{"self":[{"href":"https:\/\/gastonvidalporturas.edu.pe\/index.php\/wp-json\/wp\/v2\/pages\/846","targetHints":{"allow":["GET"]}}],"collection":[{"href":"https:\/\/gastonvidalporturas.edu.pe\/index.php\/wp-json\/wp\/v2\/pages"}],"about":[{"href":"https:\/\/gastonvidalporturas.edu.pe\/index.php\/wp-json\/wp\/v2\/types\/page"}],"author":[{"embeddable":true,"href":"https:\/\/gastonvidalporturas.edu.pe\/index.php\/wp-json\/wp\/v2\/users\/1"}],"replies":[{"embeddable":true,"href":"https:\/\/gastonvidalporturas.edu.pe\/index.php\/wp-json\/wp\/v2\/comments?post=846"}],"version-history":[{"count":10,"href":"https:\/\/gastonvidalporturas.edu.pe\/index.php\/wp-json\/wp\/v2\/pages\/846\/revisions"}],"predecessor-version":[{"id":1326,"href":"https:\/\/gastonvidalporturas.edu.pe\/index.php\/wp-json\/wp\/v2\/pages\/846\/revisions\/1326"}],"wp:attachment":[{"href":"https:\/\/gastonvidalporturas.edu.pe\/index.php\/wp-json\/wp\/v2\/media?parent=846"}],"curies":[{"name":"wp","href":"https:\/\/api.w.org\/{rel}","templated":true}]}}