{"id":843,"date":"2025-04-21T14:04:50","date_gmt":"2025-04-21T19:04:50","guid":{"rendered":"https:\/\/gastonvidalporturas.edu.pe\/?page_id=843"},"modified":"2025-04-24T19:21:14","modified_gmt":"2025-04-25T00:21:14","slug":"843-2","status":"publish","type":"page","link":"https:\/\/gastonvidalporturas.edu.pe\/index.php\/843-2\/","title":{"rendered":"Primaria"},"content":{"rendered":"\n<div class=\"wp-block-uagb-container uagb-block-80eb1888 alignfull uagb-is-root-container\"><div class=\"uagb-container-inner-blocks-wrap\">\n<!DOCTYPE html>\n<html lang=\"es\">\n<head>\n  <meta charset=\"UTF-8\">\n  <meta name=\"viewport\" content=\"width=device-width, initial-scale=1.0\">\n  <title>Bienvenida Primaria &#8211; Gast\u00f3n Vidal Porturas<\/title>\n  <style>\n    @keyframes fadeInUp {\n      from {\n        opacity: 0;\n        transform: translateY(20px);\n      }\n      to {\n        opacity: 1;\n        transform: translateY(0);\n      }\n    }\n\n    .fade-in-up {\n      animation: fadeInUp 1.2s ease-out both;\n    }\n\n    .fade-in-up-delayed {\n      animation: fadeInUp 1.8s ease-out both;\n    }\n\n    .fade-box.fade-in-up-box {\n      animation: fadeInUp 1.5s ease-out both;\n    }\n\n    \/* Ajustes generales *\/\n    * {\n      margin: 0;\n      padding: 0;\n      box-sizing: border-box;\n    }\n\n    html, body {\n      overflow-x: hidden;\n      width: 100%;\n      margin: 0;\n      padding: 0;\n      background-color: #f2f2f5;\n      font-family: 'Segoe UI', sans-serif;\n    }\n\n    .banner-container {\n      position: relative;\n      width: 100vw;\n      height: auto;\n      overflow: hidden;\n    }\n\n    .banner-primaria {\n      width: 100%;\n      height: auto;\n      object-fit: contain;\n      object-position: center;\n      border-radius: 16px; \/* Se mantiene el redondeo sin el borde *\/\n    }\n\n    .fade-box {\n      position: absolute;\n      top: 10%; \/* Coloca el cuadro en la parte superior *\/\n      right: 10%; \/* Lo coloca en la parte derecha *\/\n      transform: translateY(-50%);\n      background-color: rgba(0, 0, 0, 0.6);\n      padding: 2rem;\n      border-radius: 12px;\n      max-width: 500px;\n      color: white;\n      text-align: left;\n    }\n\n    .fade-box h1 {\n      font-size: 2rem;\n      font-weight: bold;\n      margin-bottom: 1rem;\n      color: white;\n    }\n\n    .fade-box p {\n      font-size: 1.25rem;\n      margin-bottom: 0;\n      color: white;\n    }\n\n    \/* Estilos para m\u00f3viles *\/\n    @media (max-width: 768px) {\n      .banner-container {\n        display: flex;\n        flex-direction: column;\n        align-items: center;\n      }\n\n      .banner-primaria {\n        width: 100%;\n        height: auto;\n      }\n\n      .fade-box {\n        position: static;\n        transform: none;\n        background-color: transparent;\n        color: #111;\n        padding: 1.5rem 1rem;\n        text-align: center;\n        top: auto;\n        left: auto;\n      }\n\n      .fade-box h1,\n      .fade-box p {\n        color: #111;\n      }\n\n      .fade-box h1 {\n        font-size: 1.75rem;\n      }\n\n      .fade-box p {\n        font-size: 1rem;\n      }\n    }\n\n    @media (max-width: 480px) {\n      .fade-box h1 {\n        font-size: 1.5rem;\n      }\n\n      .fade-box p {\n        font-size: 0.95rem;\n      }\n    }\n  <\/style>\n<\/head>\n<body>\n  <div class=\"banner-container\">\n    <img decoding=\"async\" \n      src=\"https:\/\/gastonvidalporturas.edu.pe\/wp-content\/uploads\/2025\/04\/1920-1080.jpeg\" \n      alt=\"Banner de bienvenida a la primaria de Gast\u00f3n Vidal Porturas\"\n      role=\"img\"\n      aria-label=\"Ni\u00f1os en actividades escolares en la primaria del colegio Gast\u00f3n Vidal Porturas\"\n      class=\"banner-primaria\">\n\n    <div class=\"fade-box fade-in-up-box\">\n      <h1 class=\"fade-in-up\">\n        \u00a1Bienvenidos a la Primaria!\n      <\/h1>\n      <p class=\"fade-in-up-delayed\">\n        Bienvenidos a la Primaria de <strong>Gast\u00f3n Vidal Porturas<\/strong>, donde fomentamos el crecimiento y desarrollo \n        de los estudiantes desde Primero hasta Sexto grado.\n      <\/p>\n    <\/div>\n  <\/div>\n<\/body>\n<\/html>\n<\/div><\/div>\n\n\n\n<div class=\"wp-block-uagb-container uagb-block-6846c3cc alignfull uagb-is-root-container\"><div class=\"uagb-container-inner-blocks-wrap\">\n<!DOCTYPE html>\n<html lang=\"es\">\n<head>\n  <meta charset=\"UTF-8\">\n  <meta name=\"viewport\" content=\"width=device-width, initial-scale=1.0\">\n  <title>Bienvenida &#8211; Nivel Primaria<\/title>\n  <style>\n    \/* Contenedor principal con borde rojo *\/\n    .contenedor {\n      display: flex;\n      flex-wrap: wrap;\n      padding: 2rem;\n      margin: 0 auto;\n      max-width: 1200px;\n      border-left: 12px solid red; \/* L\u00ednea roja m\u00e1s gruesa *\/\n      border-radius: 15px; \/* Bordes curvados *\/\n      background-color: #f9f9f9; \/* Fondo suave para el contenedor *\/\n    }\n\n    \/* Estilos para la secci\u00f3n de bienvenida *\/\n    .bienvenida-primaria {\n      display: flex;\n      flex-wrap: wrap;\n      align-items: center;\n      justify-content: space-between;\n      gap: 2rem;\n      width: 100%;\n    }\n\n    \/* Contenido textual *\/\n    .contenido-primaria {\n      flex: 1;\n    }\n\n    .contenido-primaria h2 {\n      display: flex;\n      align-items: center;\n      gap: 0.5rem;\n      font-family: 'Segoe UI', sans-serif;\n      font-size: 2rem; \/* Texto m\u00e1s peque\u00f1o *\/\n      font-weight: bold;\n      color: #000;\n      margin-bottom: 1rem;\n      transition: transform 0.3s ease;\n    }\n\n    .contenido-primaria h2:hover {\n      transform: scale(1.02);\n    }\n\n    .contenido-primaria p {\n      font-size: 1.1rem; \/* Texto m\u00e1s peque\u00f1o *\/\n      color: #333;\n      line-height: 1.8;\n      text-align: justify; \/* Texto justificado *\/\n    }\n\n    \/* \u00cdcono junto al t\u00edtulo *\/\n    .icono-n {\n      width: 30px;\n      height: 30px;\n      transform: rotate(-30deg);\n      display: inline-block;\n    }\n\n    \/* Imagen *\/\n    .imagen-primaria {\n      flex: 1;\n      display: flex;\n      justify-content: center;\n      align-items: center;\n    }\n\n    .imagen-primaria img {\n      width: 100%;\n      max-width: 500px;\n      aspect-ratio: 4 \/ 3;\n      object-fit: cover;\n      border-radius: 20px;\n      border: 6px solid #ccc; \/* Borde gris *\/\n      box-shadow: 0 10px 30px rgba(0, 0, 0, 0.35);\n      transition: transform 0.3s ease-in-out;\n    }\n\n    .imagen-primaria img:hover {\n      transform: scale(1.03);\n    }\n\n    \/* Dise\u00f1o responsive *\/\n    @media (max-width: 768px) {\n      .bienvenida-primaria {\n        flex-direction: column;\n        text-align: center;\n        gap: 3rem;\n      }\n\n      .imagen-primaria img {\n        max-width: 100%;\n      }\n    }\n  <\/style>\n<\/head>\n<body>\n  <!-- Contenedor principal con borde rojo -->\n  <div class=\"contenedor\">\n    <!-- Secci\u00f3n de bienvenida -->\n    <div class=\"bienvenida-primaria\">\n      <div class=\"contenido-primaria\">\n        <h2>\n          <img decoding=\"async\" src=\"https:\/\/gastonvidalporturas.edu.pe\/wp-content\/uploads\/2025\/04\/birrete-1.png\" \n               alt=\"\u00cdcono de birrete decorativo\" class=\"icono-n\">\n          Nivel Primaria\n        <\/h2>\n        <p>\n          En nuestra Escuela Primaria, acompa\u00f1amos a los ni\u00f1os y ni\u00f1as en una etapa fundamental de su desarrollo personal y acad\u00e9mico. Promovemos la curiosidad, el pensamiento cr\u00edtico y la creatividad en un entorno c\u00e1lido, seguro y alegre.\n          <br><br>\n          A trav\u00e9s de experiencias significativas y el trabajo colaborativo, nuestros estudiantes descubren la alegr\u00eda de aprender y fortalecen valores esenciales como el respeto, la empat\u00eda y la responsabilidad.\n        <\/p>\n      <\/div>\n      <div class=\"imagen-primaria\">\n        <img decoding=\"async\" src=\"https:\/\/gastonvidalporturas.edu.pe\/wp-content\/uploads\/2025\/04\/WhatsApp-Image-2025-04-21-at-1.35.26-PM.jpeg\"\n             alt=\"Foto de la entrada del colegio Gast\u00f3n Vidal Porturas con estudiantes\"\n             aria-label=\"Foto de bienvenida a la escuela primaria\">\n      <\/div>\n    <\/div>\n  <\/div>\n<\/body>\n<\/html>\n<\/div><\/div>\n","protected":false},"excerpt":{"rendered":"<p>Bienvenida Primaria &#8211; Gast\u00f3n Vidal Porturas \u00a1Bienvenidos a la Primaria! Bienvenidos a la Primaria de Gast\u00f3n Vidal Porturas, donde fomentamos el crecimiento y desarrollo de los estudiantes desde Primero hasta Sexto grado. Bienvenida &#8211; Nivel Primaria Nivel Primaria En nuestra Escuela Primaria, acompa\u00f1amos a los ni\u00f1os y ni\u00f1as en una etapa fundamental de su desarrollo [&hellip;]<\/p>\n","protected":false},"author":1,"featured_media":0,"parent":0,"menu_order":0,"comment_status":"closed","ping_status":"closed","template":"","meta":{"_editorskit_title_hidden":false,"_editorskit_reading_time":0,"_editorskit_is_block_options_detached":false,"_editorskit_block_options_position":"{}","_uag_custom_page_level_css":"","footnotes":""},"class_list":["post-843","page","type-page","status-publish","hentry"],"uagb_featured_image_src":{"full":false,"thumbnail":false,"medium":false,"medium_large":false,"large":false,"1536x1536":false,"2048x2048":false},"uagb_author_info":{"display_name":"gastonvidal","author_link":"https:\/\/gastonvidalporturas.edu.pe\/index.php\/author\/gastonvidal\/"},"uagb_comment_info":0,"uagb_excerpt":"Bienvenida Primaria &#8211; Gast\u00f3n Vidal Porturas \u00a1Bienvenidos a la Primaria! Bienvenidos a la Primaria de Gast\u00f3n Vidal Porturas, donde fomentamos el crecimiento y desarrollo de los estudiantes desde Primero hasta Sexto grado. Bienvenida &#8211; Nivel Primaria Nivel Primaria En nuestra Escuela Primaria, acompa\u00f1amos a los ni\u00f1os y ni\u00f1as en una etapa fundamental de su desarrollo&hellip;","_links":{"self":[{"href":"https:\/\/gastonvidalporturas.edu.pe\/index.php\/wp-json\/wp\/v2\/pages\/843","targetHints":{"allow":["GET"]}}],"collection":[{"href":"https:\/\/gastonvidalporturas.edu.pe\/index.php\/wp-json\/wp\/v2\/pages"}],"about":[{"href":"https:\/\/gastonvidalporturas.edu.pe\/index.php\/wp-json\/wp\/v2\/types\/page"}],"author":[{"embeddable":true,"href":"https:\/\/gastonvidalporturas.edu.pe\/index.php\/wp-json\/wp\/v2\/users\/1"}],"replies":[{"embeddable":true,"href":"https:\/\/gastonvidalporturas.edu.pe\/index.php\/wp-json\/wp\/v2\/comments?post=843"}],"version-history":[{"count":59,"href":"https:\/\/gastonvidalporturas.edu.pe\/index.php\/wp-json\/wp\/v2\/pages\/843\/revisions"}],"predecessor-version":[{"id":1345,"href":"https:\/\/gastonvidalporturas.edu.pe\/index.php\/wp-json\/wp\/v2\/pages\/843\/revisions\/1345"}],"wp:attachment":[{"href":"https:\/\/gastonvidalporturas.edu.pe\/index.php\/wp-json\/wp\/v2\/media?parent=843"}],"curies":[{"name":"wp","href":"https:\/\/api.w.org\/{rel}","templated":true}]}}