{"id":613,"date":"2025-03-18T08:06:34","date_gmt":"2025-03-18T13:06:34","guid":{"rendered":"https:\/\/gastonvidalporturas.edu.pe\/?page_id=613"},"modified":"2025-05-15T14:51:07","modified_gmt":"2025-05-15T19:51:07","slug":"613-2","status":"publish","type":"page","link":"https:\/\/gastonvidalporturas.edu.pe\/index.php\/613-2\/","title":{"rendered":""},"content":{"rendered":"\n<div class=\"wp-block-uagb-container uagb-block-9482dfcb alignfull uagb-is-root-container\"><div class=\"uagb-container-inner-blocks-wrap\">\n<!DOCTYPE html>\n<html lang=\"es\">\n<head>\n    <meta charset=\"UTF-8\">\n    <meta name=\"viewport\" content=\"width=device-width, initial-scale=1.0\">\n    <title>Plataforma Educativa Cuadernos.ai<\/title>\n    <style>\n        .cuadernos-body {\n            margin: 0;\n            font-family: Arial, sans-serif;\n            background-color: #f5f5dc;\n            color: #333;\n        }\n\n        .cuadernos-header {\n            text-align: center;\n            padding: 60px 20px;\n        }\n\n        .cuadernos-header h1 {\n            font-size: 3rem;\n            font-weight: bold;\n            margin: 0;\n            line-height: 1.2;\n            color: #d32f2f;\n        }\n\n        .cuadernos-header p {\n            font-size: 1.2rem;\n            margin: 10px 0 30px;\n            color: #333;\n        }\n\n        .cuadernos-buttons {\n            display: flex;\n            justify-content: center;\n            gap: 20px;\n            flex-wrap: wrap;\n        }\n\n        .cuadernos-button {\n            padding: 12px 30px;\n            font-size: 1.1rem;\n            background-color: #d32f2f;\n            color: #f5f5dc;\n            border: none;\n            border-radius: 8px;\n            cursor: pointer;\n            transition: transform 0.3s ease, box-shadow 0.3s ease;\n            min-width: 150px;\n        }\n\n        .cuadernos-button:hover {\n            transform: translateY(-3px);\n            box-shadow: 0 5px 10px rgba(0, 0, 0, 0.2);\n            background-color: #b71c1c;\n        }\n\n        .cuadernos-section {\n            display: flex;\n            justify-content: center;\n            align-items: center;\n            padding: 20px;\n            gap: 20px;\n            flex-wrap: wrap;\n        }\n\n        .cuadernos-card {\n            background: #f5f5dc;\n            border-radius: 12px;\n            padding: 20px;\n            max-width: 450px;\n            width: calc(100% - 40px);\n            text-align: center;\n            box-shadow: 0 8px 16px rgba(0, 0, 0, 0.2);\n            transition: transform 0.3s ease;\n            margin: 10px;\n        }\n\n        .cuadernos-card:hover {\n            transform: scale(1.03);\n        }\n\n        .cuadernos-card h2 {\n            margin-top: 0;\n            font-size: 1.8rem;\n            color: #d32f2f;\n        }\n\n        .cuadernos-card p {\n            margin: 15px 0;\n            font-size: 1.1rem;\n            line-height: 1.5;\n            color: #333;\n        }\n\n        .cuadernos-card img {\n            width: 100%;\n            border-radius: 8px;\n            margin-bottom: 10px;\n        }\n\n        @media (max-width: 768px) {\n            .cuadernos-header h1 {\n                font-size: 2.2rem;\n            }\n\n            .cuadernos-section {\n                flex-direction: column;\n                align-items: center;\n                padding: 10px;\n            }\n\n            .cuadernos-card {\n                max-width: 100%;\n                margin: 10px auto;\n            }\n\n            .cuadernos-buttons {\n                flex-direction: column;\n                align-items: center;\n                gap: 10px;\n            }\n\n            .cuadernos-button {\n                width: 80%;\n                margin: 5px 0;\n            }\n        }\n    <\/style>\n<\/head>\n<body class=\"cuadernos-body\">\n\n    <div class=\"cuadernos-header\">\n        <h1>Plataforma Educativa Cuadernos.ai<\/h1>\n        <p>Cuadernos.ai ofrece recursos interactivos para el aprendizaje aut\u00f3nomo y colaborativo, dise\u00f1ados para estudiantes de primaria y secundaria.<\/p>\n        <div class=\"cuadernos-buttons\">\n            <button class=\"cuadernos-button\" onclick=\"location.href='https:\/\/cuadernos.ia\/primaria'\">Primaria<\/button>\n            <button class=\"cuadernos-button\" onclick=\"location.href='https:\/\/cuadernos.ia\/secundaria'\">Secundaria<\/button>\n        <\/div>\n    <\/div>\n\n    <div class=\"cuadernos-section\">\n        <div class=\"cuadernos-card\">\n            <img decoding=\"async\" src=\"https:\/\/gastonvidalporturas.edu.pe\/wp-content\/uploads\/2025\/04\/primaria-e1745432917988.jpg\" alt=\"Recursos Interactivos\">\n            <h2>Recursos Educativos Innovadores<\/h2>\n            <p>Cuadernos.ai permite personalizar experiencias educativas mediante herramientas digitales dise\u00f1adas para mejorar el aprendizaje.<\/p>\n        <\/div>\n        <div class=\"cuadernos-card\">\n            <img decoding=\"async\" src=\"https:\/\/gastonvidalporturas.edu.pe\/wp-content\/uploads\/2025\/04\/primaria-e1745432917988.jpg\" alt=\"Colaboraci\u00f3n en L\u00ednea\">\n            <h2>Colaboraci\u00f3n en Tiempo Real<\/h2>\n            <p>Fomenta el trabajo en equipo y la interacci\u00f3n social en el aula con herramientas colaborativas y recursos digitales.<\/p>\n        <\/div>\n    <\/div>\n\n<\/body>\n<\/html>\n\n<\/div><\/div>\n\n\n\n<p><\/p>\n","protected":false},"excerpt":{"rendered":"<p>Plataforma Educativa Cuadernos.ai Plataforma Educativa Cuadernos.ai Cuadernos.ai ofrece recursos interactivos para el aprendizaje aut\u00f3nomo y colaborativo, dise\u00f1ados para estudiantes de primaria y secundaria. Primaria Secundaria Recursos Educativos Innovadores Cuadernos.ai permite personalizar experiencias educativas mediante herramientas digitales dise\u00f1adas para mejorar el aprendizaje. Colaboraci\u00f3n en Tiempo Real Fomenta el trabajo en equipo y la interacci\u00f3n social en [&hellip;]<\/p>\n","protected":false},"author":1,"featured_media":0,"parent":0,"menu_order":0,"comment_status":"closed","ping_status":"closed","template":"","meta":{"_editorskit_title_hidden":false,"_editorskit_reading_time":0,"_editorskit_is_block_options_detached":false,"_editorskit_block_options_position":"{}","_uag_custom_page_level_css":"","footnotes":""},"class_list":["post-613","page","type-page","status-publish","hentry"],"uagb_featured_image_src":{"full":false,"thumbnail":false,"medium":false,"medium_large":false,"large":false,"1536x1536":false,"2048x2048":false},"uagb_author_info":{"display_name":"gastonvidal","author_link":"https:\/\/gastonvidalporturas.edu.pe\/index.php\/author\/gastonvidal\/"},"uagb_comment_info":0,"uagb_excerpt":"Plataforma Educativa Cuadernos.ai Plataforma Educativa Cuadernos.ai Cuadernos.ai ofrece recursos interactivos para el aprendizaje aut\u00f3nomo y colaborativo, dise\u00f1ados para estudiantes de primaria y secundaria. Primaria Secundaria Recursos Educativos Innovadores Cuadernos.ai permite personalizar experiencias educativas mediante herramientas digitales dise\u00f1adas para mejorar el aprendizaje. Colaboraci\u00f3n en Tiempo Real Fomenta el trabajo en equipo y la interacci\u00f3n social en&hellip;","_links":{"self":[{"href":"https:\/\/gastonvidalporturas.edu.pe\/index.php\/wp-json\/wp\/v2\/pages\/613","targetHints":{"allow":["GET"]}}],"collection":[{"href":"https:\/\/gastonvidalporturas.edu.pe\/index.php\/wp-json\/wp\/v2\/pages"}],"about":[{"href":"https:\/\/gastonvidalporturas.edu.pe\/index.php\/wp-json\/wp\/v2\/types\/page"}],"author":[{"embeddable":true,"href":"https:\/\/gastonvidalporturas.edu.pe\/index.php\/wp-json\/wp\/v2\/users\/1"}],"replies":[{"embeddable":true,"href":"https:\/\/gastonvidalporturas.edu.pe\/index.php\/wp-json\/wp\/v2\/comments?post=613"}],"version-history":[{"count":58,"href":"https:\/\/gastonvidalporturas.edu.pe\/index.php\/wp-json\/wp\/v2\/pages\/613\/revisions"}],"predecessor-version":[{"id":1470,"href":"https:\/\/gastonvidalporturas.edu.pe\/index.php\/wp-json\/wp\/v2\/pages\/613\/revisions\/1470"}],"wp:attachment":[{"href":"https:\/\/gastonvidalporturas.edu.pe\/index.php\/wp-json\/wp\/v2\/media?parent=613"}],"curies":[{"name":"wp","href":"https:\/\/api.w.org\/{rel}","templated":true}]}}