{"id":1304,"date":"2025-04-24T14:46:15","date_gmt":"2025-04-24T19:46:15","guid":{"rendered":"https:\/\/gastonvidalporturas.edu.pe\/?page_id=1304"},"modified":"2025-08-21T16:27:53","modified_gmt":"2025-08-21T21:27:53","slug":"1304-2","status":"publish","type":"page","link":"https:\/\/gastonvidalporturas.edu.pe\/index.php\/1304-2\/","title":{"rendered":"Propuesta Educativa"},"content":{"rendered":"\n<div class=\"wp-block-uagb-container uagb-block-0e9baf33 alignfull uagb-is-root-container\"><div class=\"uagb-container-inner-blocks-wrap\">\n<!-- Google Fonts para estilo moderno -->\n<link href=\"https:\/\/fonts.googleapis.com\/css2?family=Poppins:wght@400;600&#038;display=swap\" rel=\"stylesheet\">\n\n<style>\n  .propuesta-container {\n    font-family: 'Poppins', sans-serif;\n    background: #f5f5fa;\n    padding: 60px 20px;\n    max-width: 1200px;\n    margin: auto;\n    display: flex;\n    flex-wrap: wrap;\n    gap: 40px;\n    align-items: center;\n    justify-content: space-between;\n  }\n\n  .propuesta-texto {\n    flex: 1;\n    min-width: 340px;\n  }\n\n  .propuesta-contenido {\n    max-width: 600px;\n    text-align: justify;\n  }\n\n  .propuesta-contenido h2 {\n    color: #c20e0e;\n    font-size: 32px;\n    margin-bottom: 20px;\n    text-align: justify;\n  }\n\n  .propuesta-contenido p {\n    font-size: 16px;\n    color: #333;\n    line-height: 1.6;\n    margin-bottom: 15px;\n  }\n\n  .propuesta-contenido strong {\n    color: #000;\n  }\n\n  .carrusel {\n    flex: 1;\n    min-width: 340px;\n    position: relative;\n    overflow: hidden;\n    border-radius: 12px;\n    box-shadow: 0 10px 30px rgba(0,0,0,0.15);\n  }\n\n  .carrusel img {\n    width: 100%;\n    height: auto;\n    display: none;\n    transition: opacity 1s ease-in-out;\n    position: absolute;\n    top: 0;\n    left: 0;\n  }\n\n  .carrusel img.active {\n    display: block;\n    position: relative;\n    opacity: 1;\n  }\n\n  \/* SOLO PARA CELULARES *\/\n  @media (max-width: 768px) {\n    .propuesta-container {\n      flex-direction: column;\n      gap: 30px;\n      padding: 40px 15px;\n    }\n\n    .propuesta-texto {\n      text-align: left;\n    }\n\n    .propuesta-contenido {\n      max-width: 100%;\n    }\n\n    .propuesta-contenido h2 {\n      font-size: 24px;\n    }\n\n    .propuesta-contenido p {\n      font-size: 15px;\n    }\n\n    .carrusel {\n      width: 100%;\n    }\n\n    .carrusel img {\n      position: relative;\n      display: none;\n    }\n\n    .carrusel img.active {\n      display: block;\n    }\n  }\n<\/style>\n\n<div class=\"propuesta-container\">\n  <div class=\"propuesta-texto\">\n    <div class=\"propuesta-contenido\">\n      <h2>La Mejor Propuesta Educativa<\/h2>\n      <p>Somos una de las Instituciones Educativas m\u00e1s representativas y de mayor trayectoria en la ciudad de <strong>Nuevo Chimbote<\/strong>, con <strong>38 a\u00f1os de experiencia<\/strong> brindando una <strong>educaci\u00f3n de calidad integral<\/strong>, comprometida con el desarrollo acad\u00e9mico y socioemocional de nuestros estudiantes.<\/p>\n\n      <p>Nuestra propuesta pedag\u00f3gica se basa en una <strong>metodolog\u00eda activa y participativa<\/strong>, que promueve la <strong>investigaci\u00f3n, el an\u00e1lisis cr\u00edtico, la s\u00edntesis de la informaci\u00f3n y el desarrollo del juicio reflexivo<\/strong>.<\/p>\n\n      <p>Adem\u00e1s, impulsamos <strong>proyectos acad\u00e9micos transversales<\/strong> orientados a fortalecer habilidades blandas como el <strong>trabajo en equipo, la empat\u00eda, el liderazgo y la comunicaci\u00f3n asertiva<\/strong>, integr\u00e1ndolas de manera coherente en todas las \u00e1reas del curr\u00edculo escolar.<\/p>\n    <\/div>\n  <\/div>\n\n  <div class=\"carrusel\">\n    <img decoding=\"async\" src=\"https:\/\/portal.andina.pe\/EDPfotografia3\/Thumbnail\/2024\/03\/07\/001044876W.jpg\" class=\"active\" alt=\"Imagen 1\">\n    <img decoding=\"async\" src=\"https:\/\/gastonvidalporturas.edu.pe\/wp-content\/uploads\/2024\/07\/Imagen-de-WhatsApp-2024-07-02-a-las-12.05.49_2933e5b9-1024x576.jpg\" alt=\"Imagen 2\">\n    <img decoding=\"async\" src=\"https:\/\/gastonvidalporturas.edu.pe\/wp-content\/uploads\/2024\/06\/entrada-colegio-gaston-vidal.jpg\" alt=\"Imagen 3\">\n  <\/div>\n<\/div>\n\n<script>\n  let index = 0;\n  const images = document.querySelectorAll(\".carrusel img\");\n  setInterval(() => {\n    images[index].classList.remove(\"active\");\n    index = (index + 1) % images.length;\n    images[index].classList.add(\"active\");\n  }, 4000);\n<\/script>\n\n<\/div><\/div>\n","protected":false},"excerpt":{"rendered":"<p>La Mejor Propuesta Educativa Somos una de las Instituciones Educativas m\u00e1s representativas y de mayor trayectoria en la ciudad de Nuevo Chimbote, con 38 a\u00f1os de experiencia brindando una educaci\u00f3n de calidad integral, comprometida con el desarrollo acad\u00e9mico y socioemocional de nuestros estudiantes. Nuestra propuesta pedag\u00f3gica se basa en una metodolog\u00eda activa y participativa, que [&hellip;]<\/p>\n","protected":false},"author":1,"featured_media":0,"parent":0,"menu_order":0,"comment_status":"closed","ping_status":"closed","template":"","meta":{"_editorskit_title_hidden":false,"_editorskit_reading_time":0,"_editorskit_is_block_options_detached":false,"_editorskit_block_options_position":"{}","_uag_custom_page_level_css":"","footnotes":""},"class_list":["post-1304","page","type-page","status-publish","hentry"],"uagb_featured_image_src":{"full":false,"thumbnail":false,"medium":false,"medium_large":false,"large":false,"1536x1536":false,"2048x2048":false},"uagb_author_info":{"display_name":"gastonvidal","author_link":"https:\/\/gastonvidalporturas.edu.pe\/index.php\/author\/gastonvidal\/"},"uagb_comment_info":0,"uagb_excerpt":"La Mejor Propuesta Educativa Somos una de las Instituciones Educativas m\u00e1s representativas y de mayor trayectoria en la ciudad de Nuevo Chimbote, con 38 a\u00f1os de experiencia brindando una educaci\u00f3n de calidad integral, comprometida con el desarrollo acad\u00e9mico y socioemocional de nuestros estudiantes. Nuestra propuesta pedag\u00f3gica se basa en una metodolog\u00eda activa y participativa, que&hellip;","_links":{"self":[{"href":"https:\/\/gastonvidalporturas.edu.pe\/index.php\/wp-json\/wp\/v2\/pages\/1304","targetHints":{"allow":["GET"]}}],"collection":[{"href":"https:\/\/gastonvidalporturas.edu.pe\/index.php\/wp-json\/wp\/v2\/pages"}],"about":[{"href":"https:\/\/gastonvidalporturas.edu.pe\/index.php\/wp-json\/wp\/v2\/types\/page"}],"author":[{"embeddable":true,"href":"https:\/\/gastonvidalporturas.edu.pe\/index.php\/wp-json\/wp\/v2\/users\/1"}],"replies":[{"embeddable":true,"href":"https:\/\/gastonvidalporturas.edu.pe\/index.php\/wp-json\/wp\/v2\/comments?post=1304"}],"version-history":[{"count":3,"href":"https:\/\/gastonvidalporturas.edu.pe\/index.php\/wp-json\/wp\/v2\/pages\/1304\/revisions"}],"predecessor-version":[{"id":1307,"href":"https:\/\/gastonvidalporturas.edu.pe\/index.php\/wp-json\/wp\/v2\/pages\/1304\/revisions\/1307"}],"wp:attachment":[{"href":"https:\/\/gastonvidalporturas.edu.pe\/index.php\/wp-json\/wp\/v2\/media?parent=1304"}],"curies":[{"name":"wp","href":"https:\/\/api.w.org\/{rel}","templated":true}]}}