{"id":1232,"date":"2025-04-23T15:32:58","date_gmt":"2025-04-23T20:32:58","guid":{"rendered":"https:\/\/gastonvidalporturas.edu.pe\/?page_id=1232"},"modified":"2025-04-23T16:30:09","modified_gmt":"2025-04-23T21:30:09","slug":"1232-2","status":"publish","type":"page","link":"https:\/\/gastonvidalporturas.edu.pe\/index.php\/1232-2\/","title":{"rendered":"Infraestructura"},"content":{"rendered":"\n<div class=\"wp-block-uagb-container uagb-block-aeae778b alignfull uagb-is-root-container\"><div class=\"uagb-container-inner-blocks-wrap\">\n<!DOCTYPE html>\n<html lang=\"es\">\n<head>\n  <meta charset=\"UTF-8\" \/>\n  <meta name=\"viewport\" content=\"width=device-width, initial-scale=1.0\" \/>\n  <title>Ambientes Institucionales<\/title>\n  <style>\n    body {\n      font-family: Arial, sans-serif;\n      background-color: #f4f4f4;\n      margin: 0;\n      padding: 0;\n    }\n\n    .titulo-contenedor {\n      text-align: center;\n      margin-top: 40px;\n      margin-bottom: 20px;\n      padding: 0 20px;\n    }\n\n    .titulo-seccion {\n      font-size: 1.8em;\n      color: #c10000;\n      font-weight: bold;\n      display: inline-block;\n      border-bottom: 3px solid #c10000;\n      padding-bottom: 10px;\n    }\n\n    .ambientes-container,\n    .modulo-topico-toe {\n      background-color: #f4f4f4;\n      padding: 20px;\n    }\n\n    .galeria {\n      display: flex;\n      flex-wrap: wrap;\n      justify-content: center;\n      gap: 20px;\n      max-width: 1200px;\n      margin: 0 auto;\n    }\n\n    .tarjeta {\n      background-color: #fff;\n      border-radius: 12px;\n      width: 100%;\n      max-width: 320px;\n      text-align: center;\n      padding-bottom: 20px;\n      box-shadow: 0 4px 12px rgba(0, 0, 0, 0.2);\n      transition: box-shadow 0.3s ease, transform 0.3s ease;\n      position: relative;\n    }\n\n    .tarjeta::before {\n      content: \"\";\n      position: absolute;\n      top: 0;\n      left: 0;\n      height: 10px;\n      width: 100%;\n      background-color: #d62828;\n      border-top-left-radius: 12px;\n      border-top-right-radius: 12px;\n    }\n\n    .tarjeta:hover {\n      box-shadow: 0 10px 30px rgba(0, 0, 0, 0.35);\n      transform: scale(1.02);\n    }\n\n    .tarjeta img {\n      width: 90%;\n      margin-top: 20px;\n      border-radius: 8px;\n    }\n\n    .tarjeta h4 {\n      margin-top: 15px;\n      font-size: 16px;\n      color: #222;\n      font-weight: bold;\n      padding: 0 10px;\n    }\n\n    @media (max-width: 768px) {\n      .titulo-seccion {\n        font-size: 1.6em;\n      }\n      .galeria {\n        flex-direction: column;\n        align-items: center;\n      }\n      .tarjeta {\n        width: 90%;\n      }\n    }\n\n    @media (max-width: 480px) {\n      .titulo-seccion {\n        font-size: 1.5em;\n      }\n      .tarjeta h4 {\n        font-size: 15px;\n      }\n    }\n  <\/style>\n<\/head>\n<body>\n\n  <div class=\"titulo-contenedor\">\n    <h2 class=\"titulo-seccion\">Direcci\u00f3n &#8211; Subdirecci\u00f3n<\/h2>\n  <\/div>\n  <div class=\"ambientes-container\">\n    <div class=\"galeria\">\n      <div class=\"tarjeta\">\n        <img decoding=\"async\" src=\"https:\/\/gastonvidalporturas.edu.pe\/wp-content\/uploads\/2025\/04\/WhatsApp-Image-2025-04-21-at-1.35.23-PM-3.jpeg\" alt=\"Secretar\u00eda y Direcci\u00f3n\" \/>\n        <h4>Direcci\u00f3n y Secretar\u00eda<\/h4>\n      <\/div>\n      <div class=\"tarjeta\">\n        <img decoding=\"async\" src=\"https:\/\/gastonvidalporturas.edu.pe\/wp-content\/uploads\/2025\/04\/WhatsApp-Image-2025-04-21-at-1.35.23-PM.jpeg\" alt=\"Subdirecci\u00f3n\" \/>\n        <h4>Subdirecci\u00f3n Primaria y Secundaria<\/h4>\n      <\/div>\n    <\/div>\n  <\/div>\n\n  <div class=\"titulo-contenedor\">\n    <h2 class=\"titulo-seccion\">Pabellones de la Instituci\u00f3n<\/h2>\n  <\/div>\n  <div class=\"ambientes-container\">\n    <div class=\"galeria\">\n      <div class=\"tarjeta\">\n        <img decoding=\"async\" src=\"https:\/\/gastonvidalporturas.edu.pe\/wp-content\/uploads\/2025\/04\/WhatsApp-Image-2025-04-21-at-1.35.27-PM-1.jpeg\" alt=\"Pabell\u00f3n Primaria\" \/>\n        <h4>Pabell\u00f3n Primaria<\/h4>\n      <\/div>\n\n      <div class=\"tarjeta\">\n        <img decoding=\"async\" src=\"https:\/\/gastonvidalporturas.edu.pe\/wp-content\/uploads\/2025\/04\/WhatsApp-Image-2025-04-21-at-1.35.26-PM.jpeg\" alt=\"Pabell\u00f3n Primaria\" \/>\n        <h4>Pabell\u00f3n Primaria<\/h4>\n      <\/div>\n\n      <div class=\"tarjeta\">\n        <img decoding=\"async\" src=\"https:\/\/gastonvidalporturas.edu.pe\/wp-content\/uploads\/2025\/04\/WhatsApp-Image-2025-04-21-at-1.35.26-PM-3.jpeg\" alt=\"Pabell\u00f3n Primaria\" \/>\n        <h4>Pabell\u00f3n Primaria<\/h4>\n      <\/div>\n\n      <div class=\"tarjeta\">\n        <img decoding=\"async\" src=\"https:\/\/gastonvidalporturas.edu.pe\/wp-content\/uploads\/2025\/04\/WhatsApp-Image-2025-04-21-at-1.35.16-PM.jpeg\" alt=\"Pabell\u00f3n Primaria\" \/>\n        <h4>Pabell\u00f3n Primaria<\/h4>\n      <\/div>\n\n      <div class=\"tarjeta\">\n        <img decoding=\"async\" src=\"https:\/\/gastonvidalporturas.edu.pe\/wp-content\/uploads\/2025\/04\/WhatsApp-Image-2025-04-21-at-1.35.25-PM-3.jpeg\" alt=\"Pabell\u00f3n Secundaria\" \/>\n        <h4>Pabell\u00f3n Secundaria<\/h4>\n      <\/div>\n\n      <div class=\"tarjeta\">\n        <img decoding=\"async\" src=\"https:\/\/gastonvidalporturas.edu.pe\/wp-content\/uploads\/2025\/04\/WhatsApp-Image-2025-04-21-at-1.35.25-PM-1.jpeg\" alt=\"Pabell\u00f3n Secundaria\" \/>\n        <h4>Pabell\u00f3n Secundaria<\/h4>\n      <\/div>\n\n      <div class=\"tarjeta\">\n        <img decoding=\"async\" src=\"https:\/\/gastonvidalporturas.edu.pe\/wp-content\/uploads\/2025\/04\/WhatsApp-Image-2025-04-21-at-1.35.24-PM-4.jpeg\" alt=\"Pabell\u00f3n Secundaria\" \/>\n        <h4>Pabell\u00f3n Secundaria<\/h4>\n      <\/div>\n\n      <div class=\"tarjeta\">\n        <img decoding=\"async\" src=\"https:\/\/gastonvidalporturas.edu.pe\/wp-content\/uploads\/2025\/04\/WhatsApp-Image-2025-04-21-at-1.35.17-PM.jpeg\" alt=\"Coliseo\" \/>\n        <h4>Coliseo<\/h4>\n      <\/div>\n\n      <div class=\"tarjeta\">\n        <img decoding=\"async\" src=\"https:\/\/gastonvidalporturas.edu.pe\/wp-content\/uploads\/2025\/04\/WhatsApp-Image-2025-04-21-at-1.35.19-PM.jpeg\" alt=\"Wasi Mikuna\" \/>\n        <h4>Wasi Mikuna<\/h4>\n      <\/div>\n    <\/div>\n  <\/div>\n\n  <div class=\"titulo-contenedor\">\n    <h2 class=\"titulo-seccion\">\u00c1reas de Conocimiento e Innovaci\u00f3n<\/h2>\n  <\/div>\n  <div class=\"ambientes-container\">\n    <div class=\"galeria\">\n      <div class=\"tarjeta\">\n        <img decoding=\"async\" src=\"https:\/\/gastonvidalporturas.edu.pe\/wp-content\/uploads\/2025\/04\/WhatsApp-Image-2025-04-21-at-1.35.24-PM.jpeg\" alt=\"Aula de Innovaci\u00f3n\" \/>\n        <h4>Aula de Innovaci\u00f3n Pedag\u00f3gica Primaria<\/h4>\n      <\/div>\n\n      <div class=\"tarjeta\">\n        <img decoding=\"async\" src=\"https:\/\/gastonvidalporturas.edu.pe\/wp-content\/uploads\/2025\/04\/WhatsApp-Image-2025-04-21-at-1.35.24-PM-2.jpeg\" alt=\"Aula de Innovaci\u00f3n\" \/>\n        <h4>Aula de Innovaci\u00f3n Pedag\u00f3gica Primaria<\/h4>\n      <\/div>\n\n      <div class=\"tarjeta\">\n        <img decoding=\"async\" src=\"https:\/\/gastonvidalporturas.edu.pe\/wp-content\/uploads\/2025\/04\/WhatsApp-Image-2025-04-21-at-1.35.27-PM-2.jpeg\" alt=\"Educaci\u00f3n F\u00edsica\" \/>\n        <h4>Departamento De Educaci\u00f3n F\u00edsica<\/h4>\n      <\/div>\n\n      <div class=\"tarjeta\">\n        <img decoding=\"async\" src=\"https:\/\/gastonvidalporturas.edu.pe\/wp-content\/uploads\/2025\/04\/biblioteca.jpeg\" alt=\"Biblioteca\" \/>\n        <h4>Biblioteca<\/h4>\n      <\/div>\n\n      <div class=\"tarjeta\">\n        <img decoding=\"async\" src=\"https:\/\/gastonvidalporturas.edu.pe\/wp-content\/uploads\/2025\/04\/WhatsApp-Image-2025-04-21-at-1.35.21-PM.jpeg\" alt=\"Aula de Innovaci\u00f3n\" \/>\n        <h4>Aula de Innovaci\u00f3n Pedag\u00f3gica Secundaria<\/h4>\n      <\/div>\n\n      <div class=\"tarjeta\">\n        <img decoding=\"async\" src=\"https:\/\/gastonvidalporturas.edu.pe\/wp-content\/uploads\/2025\/04\/WhatsApp-Image-2025-04-21-at-1.35.22-PM.jpeg\" alt=\"Laboratorio\" \/>\n        <h4>Laboratorio de ciencias Secundaria<\/h4>\n      <\/div>\n    <\/div>\n  <\/div>\n\n  <div class=\"titulo-contenedor\">\n    <h2 class=\"titulo-seccion\">Apoyo Integral al Estudiante<\/h2>\n  <\/div>\n  <div class=\"ambientes-container\">\n    <div class=\"galeria\">\n      <div class=\"tarjeta\">\n        <img decoding=\"async\" src=\"https:\/\/gastonvidalporturas.edu.pe\/wp-content\/uploads\/2025\/04\/WhatsApp-Image-2025-04-21-at-1.35.22-PM-2.jpeg\" alt=\"topico\" \/>\n        <h4>T\u00f3pico<\/h4>\n      <\/div>\n      <div class=\"tarjeta\">\n        <img decoding=\"async\" src=\"https:\/\/gastonvidalporturas.edu.pe\/wp-content\/uploads\/2025\/04\/WhatsApp-Image-2025-04-21-at-1.35.21-PM-1.jpeg\" alt=\"toe\" \/>\n        <h4>TOE<\/h4>\n      <\/div>\n    <\/div>\n  <\/div>\n\n<\/body>\n<\/html>\n<\/div><\/div>\n","protected":false},"excerpt":{"rendered":"<p>Ambientes Institucionales Direcci\u00f3n &#8211; Subdirecci\u00f3n Direcci\u00f3n y Secretar\u00eda Subdirecci\u00f3n Primaria y Secundaria Pabellones de la Instituci\u00f3n Pabell\u00f3n Primaria Pabell\u00f3n Primaria Pabell\u00f3n Primaria Pabell\u00f3n Primaria Pabell\u00f3n Secundaria Pabell\u00f3n Secundaria Pabell\u00f3n Secundaria Coliseo Wasi Mikuna \u00c1reas de Conocimiento e Innovaci\u00f3n Aula de Innovaci\u00f3n Pedag\u00f3gica Primaria Aula de Innovaci\u00f3n Pedag\u00f3gica Primaria Departamento De Educaci\u00f3n F\u00edsica Biblioteca Aula de [&hellip;]<\/p>\n","protected":false},"author":1,"featured_media":0,"parent":0,"menu_order":0,"comment_status":"closed","ping_status":"closed","template":"","meta":{"_editorskit_title_hidden":false,"_editorskit_reading_time":0,"_editorskit_is_block_options_detached":false,"_editorskit_block_options_position":"{}","_uag_custom_page_level_css":"","footnotes":""},"class_list":["post-1232","page","type-page","status-publish","hentry"],"uagb_featured_image_src":{"full":false,"thumbnail":false,"medium":false,"medium_large":false,"large":false,"1536x1536":false,"2048x2048":false},"uagb_author_info":{"display_name":"gastonvidal","author_link":"https:\/\/gastonvidalporturas.edu.pe\/index.php\/author\/gastonvidal\/"},"uagb_comment_info":0,"uagb_excerpt":"Ambientes Institucionales Direcci\u00f3n &#8211; Subdirecci\u00f3n Direcci\u00f3n y Secretar\u00eda Subdirecci\u00f3n Primaria y Secundaria Pabellones de la Instituci\u00f3n Pabell\u00f3n Primaria Pabell\u00f3n Primaria Pabell\u00f3n Primaria Pabell\u00f3n Primaria Pabell\u00f3n Secundaria Pabell\u00f3n Secundaria Pabell\u00f3n Secundaria Coliseo Wasi Mikuna \u00c1reas de Conocimiento e Innovaci\u00f3n Aula de Innovaci\u00f3n Pedag\u00f3gica Primaria Aula de Innovaci\u00f3n Pedag\u00f3gica Primaria Departamento De Educaci\u00f3n F\u00edsica Biblioteca Aula de&hellip;","_links":{"self":[{"href":"https:\/\/gastonvidalporturas.edu.pe\/index.php\/wp-json\/wp\/v2\/pages\/1232","targetHints":{"allow":["GET"]}}],"collection":[{"href":"https:\/\/gastonvidalporturas.edu.pe\/index.php\/wp-json\/wp\/v2\/pages"}],"about":[{"href":"https:\/\/gastonvidalporturas.edu.pe\/index.php\/wp-json\/wp\/v2\/types\/page"}],"author":[{"embeddable":true,"href":"https:\/\/gastonvidalporturas.edu.pe\/index.php\/wp-json\/wp\/v2\/users\/1"}],"replies":[{"embeddable":true,"href":"https:\/\/gastonvidalporturas.edu.pe\/index.php\/wp-json\/wp\/v2\/comments?post=1232"}],"version-history":[{"count":22,"href":"https:\/\/gastonvidalporturas.edu.pe\/index.php\/wp-json\/wp\/v2\/pages\/1232\/revisions"}],"predecessor-version":[{"id":1270,"href":"https:\/\/gastonvidalporturas.edu.pe\/index.php\/wp-json\/wp\/v2\/pages\/1232\/revisions\/1270"}],"wp:attachment":[{"href":"https:\/\/gastonvidalporturas.edu.pe\/index.php\/wp-json\/wp\/v2\/media?parent=1232"}],"curies":[{"name":"wp","href":"https:\/\/api.w.org\/{rel}","templated":true}]}}